{"id":370,"date":"2014-04-16T19:12:32","date_gmt":"2014-04-16T17:12:32","guid":{"rendered":"http:\/\/www.informatyka.slowacki.edu.pl\/?page_id=370"},"modified":"2014-04-16T19:43:27","modified_gmt":"2014-04-16T17:43:27","slug":"komunikaty-i-zarzadzenia","status":"publish","type":"page","link":"https:\/\/informatyka.slowacki.edu.pl\/?page_id=370","title":{"rendered":"Komunikaty, zarz\u0105dzenia i informatory"},"content":{"rendered":"<p><center><\/p>\n<p style=\"text-align: center; color: #517fb3; font-size: large; font-weight: 700;\">Harmonogram egzamin\u00f3w maturalnych<\/p>\n<p><a href=\"http:\/\/cke.edu.pl\/images\/files\/komunikaty_Dyrektora\/sierpien\/Harm_egzaminow_2014.pdf\" target=\"0\">Harmonogram egzamin\u00f3w maturalnych w 2014 r.<\/a><\/p>\n<hr  width=\"80%\"\/>\n<p style=\"text-align: center; color: #517fb3; font-size: large; font-weight: 700;\">Komunikaty<\/p>\n<p><a href=\"http:\/\/cke.edu.pl\/images\/files\/komunikaty_Dyrektora\/luty_2014\/28.02.2014.pdf\" target =\"0\">Komunikat w sprawie materia\u0142\u00f3w i przybor\u00f3w pomocniczych<\/a><\/p>\n<hr  width=\"80%\"\/>\n<p style=\"text-align: center; color: #517fb3; font-size: large; font-weight: 700;\">Informatory o egzaminie maturalnym od roku szkolnego 2014\/2015<\/p>\n<p><a href=\"http:\/\/cke.edu.pl\/files\/file\/Matura-2015\/List-Minister-Edukacji-Narodowej-Krystyny-Szumilas-do-przyszlych-Maturzystow.pdf\" target =\"0\">List Minister Edukacji Narodowej Krystyny Szumilas<\/a><br \/>\n<a href=\"http:\/\/cke.edu.pl\/files\/file\/Matura-2015\/Informatory-2015\/Informatyka.pdf\" target =\"0\">Informator o egzaminie maturalnym z informatyki w roku szkolnym 2014\/ 2015<\/a><br \/>\n<a href=\"http:\/\/www.cke.edu.pl\/files\/file\/Matura-2015\/Informatory-2015\/Informatyka-Dane-i-rozwiazania.zip\">Informatyka: Dane i rozwi\u0105zania &#8211; pliki<\/a> (zip)<br \/>\n<a href=\"http:\/\/www.cke.edu.pl\/images\/files\/Matura_2015\/Informator_A6_Informatyka_rysunki.doc\">Informatyka: informator + rysunki<\/a> (docx)<\/p>\n<p><\/center><\/p>\n","protected":false},"excerpt":{"rendered":"<p>Harmonogram egzamin\u00f3w maturalnych Harmonogram egzamin\u00f3w maturalnych w 2014 r. Komunikaty Komunikat w sprawie materia\u0142\u00f3w i przybor\u00f3w pomocniczych Informatory o egzaminie maturalnym od roku szkolnego 2014\/2015 List Minister Edukacji Narodowej Krystyny Szumilas Informator o egzaminie maturalnym z informatyki w roku szkolnym 2014\/ 2015 Informatyka: Dane i rozwi\u0105zania &#8211; pliki (zip) Informatyka: informator + rysunki (docx)<\/p>\n","protected":false},"author":1,"featured_media":0,"parent":0,"menu_order":0,"comment_status":"open","ping_status":"open","template":"","meta":{"footnotes":""},"class_list":["post-370","page","type-page","status-publish","hentry"],"_links":{"self":[{"href":"https:\/\/informatyka.slowacki.edu.pl\/index.php?rest_route=\/wp\/v2\/pages\/370","targetHints":{"allow":["GET"]}}],"collection":[{"href":"https:\/\/informatyka.slowacki.edu.pl\/index.php?rest_route=\/wp\/v2\/pages"}],"about":[{"href":"https:\/\/informatyka.slowacki.edu.pl\/index.php?rest_route=\/wp\/v2\/types\/page"}],"author":[{"embeddable":true,"href":"https:\/\/informatyka.slowacki.edu.pl\/index.php?rest_route=\/wp\/v2\/users\/1"}],"replies":[{"embeddable":true,"href":"https:\/\/informatyka.slowacki.edu.pl\/index.php?rest_route=%2Fwp%2Fv2%2Fcomments&post=370"}],"version-history":[{"count":16,"href":"https:\/\/informatyka.slowacki.edu.pl\/index.php?rest_route=\/wp\/v2\/pages\/370\/revisions"}],"predecessor-version":[{"id":388,"href":"https:\/\/informatyka.slowacki.edu.pl\/index.php?rest_route=\/wp\/v2\/pages\/370\/revisions\/388"}],"wp:attachment":[{"href":"https:\/\/informatyka.slowacki.edu.pl\/index.php?rest_route=%2Fwp%2Fv2%2Fmedia&parent=370"}],"curies":[{"name":"wp","href":"https:\/\/api.w.org\/{rel}","templated":true}]}}