{"id":162,"date":"2014-04-10T20:40:55","date_gmt":"2014-04-10T18:40:55","guid":{"rendered":"http:\/\/www.informatyka.slowacki.edu.pl\/?page_id=162"},"modified":"2014-04-10T20:49:54","modified_gmt":"2014-04-10T18:49:54","slug":"o-przedmiocie","status":"publish","type":"page","link":"https:\/\/informatyka.slowacki.edu.pl\/?page_id=162","title":{"rendered":"O przedmiocie"},"content":{"rendered":"<p style=\"text-align: center; color: #517fb3; font-size: x-large;\"><b>HISTORIA INFORMATYZACJI<\/b><br \/>I Liceum Og\u00f3lnokszta\u0142c\u0105ce im. Juliusza S\u0142owackiego<br \/>Akademicki Zesp\u00f3\u0142 Szk\u00f3\u0142 Og\u00f3lnokszta\u0142c\u0105cych<\/p>\n<p style=\"text-align: justify;\">Nauczanie informatyki w I liceum Og\u00f3lnokszta\u0142c\u0105cym im. Juliusza S\u0142owackiego w Chorzowie si\u0119ga ko\u0144ca lat 80. ubieg\u0142ego wieku. Wtedy to szko\u0142a otrzyma\u0142a pierwsze komputery klasy ELWRO 800 JUNIOR. Zaj\u0119cia obejmowa\u0142y przede wszystkim programowanie w j\u0119zyku Turbo Basic oraz Assembler. Ciekawostk\u0105 jest to, i\u017c wprawdzie wyposa\u017cone w procesory 8. bitowe by\u0142y sprz\u0119\u017cone w sie\u0107, dzi\u0119ki czemu mo\u017cna by\u0142o wymienia\u0107 dane z pomini\u0119ciem dyskietek (wtedy jeszcze 5,25 cala).<\/p>\n<p style=\"text-align: justify;\">W roku 1993 szko\u0142a otrzyma\u0142a z funduszy ministerialnych pracowni\u0119 komputerow\u0105 komputer\u00f3w klasy PC wyposa\u017con\u0105 w procesory INTEL 80486. Komputery by\u0142y bezdyskowe, za to wpi\u0119te w sie\u0107 pracuj\u0105c\u0105 pod systemem NOVEL 3.11. Nauka informatyki odbywa\u0142a si\u0119 w dw\u00f3ch pracowniach komputerowych: pracowni komputer\u00f3w klasy PC oraz komputer\u00f3w klasy Macintosh Classic.<\/p>\n<p style=\"text-align: justify;\">W tym samym roku przewodnicz\u0105cy zespo\u0142u przedmiotowego informatyk\u00f3w mgr Wojciech Kwa\u015bny opracowa\u0142 autorski program nauczania informatyki Elementy informatyki w naszym liceum, kt\u00f3ry zosta\u0142 zatwierdzony przez Ministerstwo Edukacji Narodowej pismem DKO \u2013 723 \u2013 11\/99PMU z dnia 15 kwietnia 1999 roku. Na podstawie tego zatwierdzenia I Liceum Og\u00f3lnokszta\u0142c\u0105ce im. Juliusza S\u0142owackiego w Chorzowie sta\u0142o si\u0119 jedn\u0105 z pierwszych szk\u00f3\u0142 w kraju mog\u0105cych przeprowadza\u0107 egzamin maturalny z przedmiotu informatyka.<\/p>\n<p style=\"text-align: justify;\">W roku 1993 w ramach akcji Internet dla Szk\u00f3\u0142 realizowanym przez Ministerstwo Edukacji Narodowej oraz wy\u017csze uczelnie w naszym kraju, dzi\u0119ki zaanga\u017cowaniu mgr Wojciecha Kwa\u015bny szko\u0142a zosta\u0142a pod\u0142\u0105czona, jako jedna z pierwszych w Polsce, do sieci Internet. Pod\u0142\u0105czenie by\u0142o realizowane przez modem dodzwanialny przy pr\u0119dko\u015bci zaledwie 9200 kb\/s. Na \u00f3wczesne czasy by\u0142a to pr\u0119dko\u015b\u0107 pozwalaj\u0105ca na wiele. W tym samym roku powsta\u0142o szkolne czasopismo komputerowe PC Julek. Ukazywa\u0142o si\u0119 co dwa tygodnie i do ka\u017cdego numery do\u0142\u0105czona by\u0142a (dzi\u0119ki sponsorom) dyskietka z ciekawymi programami.<\/p>\n<p style=\"text-align: justify;\">W 1996 roku szko\u0142a zakupi\u0142a w ramach przetargu dwuprocesorowy serwer Siemens Primergy 650 pracuj\u0105cy pod systemem Windows NT Sever 4.0. Jednocze\u015bnie zmieniony zosta\u0142 definitywnie spos\u00f3b pod\u0142\u0105czenia do sieci Internet. Odt\u0105d by\u0142o to pod\u0142\u0105czenie poprze sie\u0107 POLPAC o pr\u0119dko\u015bci 1MB\/s. W 1997 roku zosta\u0142y wymienione komputery. Odt\u0105d pracownia komputer\u00f3w PC wyposa\u017cona by\u0142a w komputery klasy pentium. W 2002 roku nast\u0105pi\u0142a kolejna wymiana sprz\u0119tu komputerowego. Szko\u0142a otrzyma\u0142a komputery klasy eMac i iMac. W 2003 roku zosta\u0142y one wymienione na komputery w ramach przydzia\u0142u z Ministerstwa Edukacji Narodowej. W 2005 roku nast\u0105pi\u0142a kolejna i jak na razie ostatnia wymiana sprz\u0119tu komputerowego \u2013 na pracowni\u0119 ufundowan\u0105 z pieni\u0119dzy Europejskiego Funduszu Spo\u0142ecznego. Pocz\u0105wszy od 2002 roku szko\u0142a jest wyposa\u017cona w Szkolne Centrum Informacyjne MCI. Jest ono umieszczone w bibliotece szkolnej. Umo\u017cliwia prac\u0119 na przerwach, po lekcjach oraz okienkach lekcyjnych w ramach przygotowa\u0144 do zaj\u0119\u0107 lekcyjnych.<\/p>\n","protected":false},"excerpt":{"rendered":"<p>HISTORIA INFORMATYZACJII Liceum Og\u00f3lnokszta\u0142c\u0105ce im. Juliusza S\u0142owackiegoAkademicki Zesp\u00f3\u0142 Szk\u00f3\u0142 Og\u00f3lnokszta\u0142c\u0105cych Nauczanie informatyki w I liceum Og\u00f3lnokszta\u0142c\u0105cym im. Juliusza S\u0142owackiego w Chorzowie si\u0119ga ko\u0144ca lat 80. ubieg\u0142ego wieku. Wtedy to szko\u0142a otrzyma\u0142a pierwsze komputery klasy ELWRO 800 JUNIOR. Zaj\u0119cia obejmowa\u0142y przede wszystkim programowanie w j\u0119zyku Turbo Basic oraz Assembler. Ciekawostk\u0105 jest to, i\u017c wprawdzie wyposa\u017cone w [&hellip;]<\/p>\n","protected":false},"author":1,"featured_media":0,"parent":0,"menu_order":0,"comment_status":"open","ping_status":"open","template":"","meta":{"footnotes":""},"class_list":["post-162","page","type-page","status-publish","hentry"],"_links":{"self":[{"href":"https:\/\/informatyka.slowacki.edu.pl\/index.php?rest_route=\/wp\/v2\/pages\/162","targetHints":{"allow":["GET"]}}],"collection":[{"href":"https:\/\/informatyka.slowacki.edu.pl\/index.php?rest_route=\/wp\/v2\/pages"}],"about":[{"href":"https:\/\/informatyka.slowacki.edu.pl\/index.php?rest_route=\/wp\/v2\/types\/page"}],"author":[{"embeddable":true,"href":"https:\/\/informatyka.slowacki.edu.pl\/index.php?rest_route=\/wp\/v2\/users\/1"}],"replies":[{"embeddable":true,"href":"https:\/\/informatyka.slowacki.edu.pl\/index.php?rest_route=%2Fwp%2Fv2%2Fcomments&post=162"}],"version-history":[{"count":4,"href":"https:\/\/informatyka.slowacki.edu.pl\/index.php?rest_route=\/wp\/v2\/pages\/162\/revisions"}],"predecessor-version":[{"id":166,"href":"https:\/\/informatyka.slowacki.edu.pl\/index.php?rest_route=\/wp\/v2\/pages\/162\/revisions\/166"}],"wp:attachment":[{"href":"https:\/\/informatyka.slowacki.edu.pl\/index.php?rest_route=%2Fwp%2Fv2%2Fmedia&parent=162"}],"curies":[{"name":"wp","href":"https:\/\/api.w.org\/{rel}","templated":true}]}}